{"id":7928,"date":"2026-01-30T10:38:02","date_gmt":"2026-01-30T16:38:02","guid":{"rendered":"https:\/\/donato.com.mx\/?post_type=product&#038;p=7928"},"modified":"2026-01-30T13:16:26","modified_gmt":"2026-01-30T19:16:26","slug":"acceso-general-menor-fiestas-de-la-vendimia-27-de-junio-corte-de-uva-infantil-130pm-copia","status":"publish","type":"product","link":"https:\/\/donato.com.mx\/en\/product\/acceso-general-menor-fiestas-de-la-vendimia-27-de-junio-corte-de-uva-infantil-130pm-copia\/","title":{"rendered":"ACCESO GENERAL MENOR FIESTAS DE LA VENDIMIA 27 DE JUNIO+CORTE DE UVA INFANTIL|1:30PM"},"content":{"rendered":"<p><span style=\"font-weight: 400\">La Vendimia Donato 2026 llega como el evento m\u00e1s esperado del a\u00f1o.<\/span><\/p>\n<p><span style=\"font-weight: 400\">Una noche de verano en el vi\u00f1edo, donde el vino, la m\u00fasica y una elegante tem\u00e1tica de m\u00e1scaras se fusionan entre luces y misterio.<\/span><\/p>\n<p><span style=\"font-weight: 400\">Este 27 de junio, prep\u00e1rate para vivir una celebraci\u00f3n \u00fanica que solo sucede una vez al a\u00f1o.<\/span><\/p>\n","protected":false},"excerpt":{"rendered":"<p>La Vendimia Donato 2026 llega como el evento m\u00e1s esperado del a\u00f1o. Una noche de verano en el vi\u00f1edo, donde el vino, la m\u00fasica y una elegante tem\u00e1tica de m\u00e1scaras se fusionan entre luces y misterio. Este 27 de junio, prep\u00e1rate para vivir una celebraci\u00f3n \u00fanica que solo sucede una vez al a\u00f1o.<\/p>\n","protected":false},"featured_media":0,"comment_status":"open","ping_status":"closed","template":"","meta":[],"product_brand":[],"product_cat":[22],"product_tag":[],"filtro-eventos":[],"presentacion":[],"estaciones":[],"tipo":[],"uva":[],"class_list":{"0":"post-7928","1":"product","2":"type-product","3":"status-publish","5":"product_cat-eventos","7":"first","8":"instock","9":"downloadable","10":"virtual","11":"purchasable","12":"product-type-simple"},"yoast_head":"<!-- This site is optimized with the Yoast SEO plugin v26.0 - https:\/\/yoast.com\/wordpress\/plugins\/seo\/ -->\n<title>ACCESO GENERAL MENOR FIESTAS DE LA VENDIMIA 27 DE JUNIO+CORTE DE UVA INFANTIL|1:30PM - Donato<\/title>\n<meta name=\"robots\" content=\"index, follow, max-snippet:-1, max-image-preview:large, max-video-preview:-1\" \/>\n<link rel=\"canonical\" href=\"https:\/\/donato.com.mx\/producto\/acceso-general-menor-fiestas-de-la-vendimia-27-de-junio-corte-de-uva-infantil-130pm-copia\/\" \/>\n<meta property=\"og:locale\" content=\"en_US\" \/>\n<meta property=\"og:type\" content=\"article\" \/>\n<meta property=\"og:title\" content=\"ACCESO GENERAL MENOR FIESTAS DE LA VENDIMIA 27 DE JUNIO+CORTE DE UVA INFANTIL|1:30PM - Donato\" \/>\n<meta property=\"og:description\" content=\"La Vendimia Donato 2026 llega como el evento m\u00e1s esperado del a\u00f1o. Una noche de verano en el vi\u00f1edo, donde el vino, la m\u00fasica y una elegante tem\u00e1tica de m\u00e1scaras se fusionan entre luces y misterio. Este 27 de junio, prep\u00e1rate para vivir una celebraci\u00f3n \u00fanica que solo sucede una vez al a\u00f1o.\" \/>\n<meta property=\"og:url\" content=\"https:\/\/donato.com.mx\/producto\/acceso-general-menor-fiestas-de-la-vendimia-27-de-junio-corte-de-uva-infantil-130pm-copia\/\" \/>\n<meta property=\"og:site_name\" content=\"Donato\" \/>\n<meta property=\"article:modified_time\" content=\"2026-01-30T19:16:26+00:00\" \/>\n<meta name=\"twitter:card\" content=\"summary_large_image\" \/>\n<meta name=\"twitter:label1\" content=\"Est. reading time\" \/>\n\t<meta name=\"twitter:data1\" content=\"1 minute\" \/>\n<script type=\"application\/ld+json\" class=\"yoast-schema-graph\">{\"@context\":\"https:\/\/schema.org\",\"@graph\":[{\"@type\":\"WebPage\",\"@id\":\"https:\/\/donato.com.mx\/producto\/acceso-general-menor-fiestas-de-la-vendimia-27-de-junio-corte-de-uva-infantil-130pm-copia\/\",\"url\":\"https:\/\/donato.com.mx\/producto\/acceso-general-menor-fiestas-de-la-vendimia-27-de-junio-corte-de-uva-infantil-130pm-copia\/\",\"name\":\"ACCESO GENERAL MENOR FIESTAS DE LA VENDIMIA 27 DE JUNIO+CORTE DE UVA INFANTIL|1:30PM - Donato\",\"isPartOf\":{\"@id\":\"https:\/\/donato.com.mx\/#website\"},\"datePublished\":\"2026-01-30T16:38:02+00:00\",\"dateModified\":\"2026-01-30T19:16:26+00:00\",\"breadcrumb\":{\"@id\":\"https:\/\/donato.com.mx\/producto\/acceso-general-menor-fiestas-de-la-vendimia-27-de-junio-corte-de-uva-infantil-130pm-copia\/#breadcrumb\"},\"inLanguage\":\"en-US\",\"potentialAction\":[{\"@type\":\"ReadAction\",\"target\":[\"https:\/\/donato.com.mx\/producto\/acceso-general-menor-fiestas-de-la-vendimia-27-de-junio-corte-de-uva-infantil-130pm-copia\/\"]}]},{\"@type\":\"BreadcrumbList\",\"@id\":\"https:\/\/donato.com.mx\/producto\/acceso-general-menor-fiestas-de-la-vendimia-27-de-junio-corte-de-uva-infantil-130pm-copia\/#breadcrumb\",\"itemListElement\":[{\"@type\":\"ListItem\",\"position\":1,\"name\":\"Portada\",\"item\":\"https:\/\/donato.com.mx\/en\/\"},{\"@type\":\"ListItem\",\"position\":2,\"name\":\"Shop\",\"item\":\"https:\/\/donato.com.mx\/en\/shop\/\"},{\"@type\":\"ListItem\",\"position\":3,\"name\":\"ACCESO GENERAL MENOR FIESTAS DE LA VENDIMIA 27 DE JUNIO+CORTE DE UVA INFANTIL|1:30PM\"}]},{\"@type\":\"WebSite\",\"@id\":\"https:\/\/donato.com.mx\/#website\",\"url\":\"https:\/\/donato.com.mx\/\",\"name\":\"Donato\",\"description\":\"\",\"publisher\":{\"@id\":\"https:\/\/donato.com.mx\/#organization\"},\"potentialAction\":[{\"@type\":\"SearchAction\",\"target\":{\"@type\":\"EntryPoint\",\"urlTemplate\":\"https:\/\/donato.com.mx\/?s={search_term_string}\"},\"query-input\":{\"@type\":\"PropertyValueSpecification\",\"valueRequired\":true,\"valueName\":\"search_term_string\"}}],\"inLanguage\":\"en-US\"},{\"@type\":\"Organization\",\"@id\":\"https:\/\/donato.com.mx\/#organization\",\"name\":\"Donato\",\"url\":\"https:\/\/donato.com.mx\/\",\"logo\":{\"@type\":\"ImageObject\",\"inLanguage\":\"en-US\",\"@id\":\"https:\/\/donato.com.mx\/#\/schema\/logo\/image\/\",\"url\":\"https:\/\/donato.com.mx\/wp-content\/uploads\/2024\/12\/don1.png\",\"contentUrl\":\"https:\/\/donato.com.mx\/wp-content\/uploads\/2024\/12\/don1.png\",\"width\":749,\"height\":246,\"caption\":\"Donato\"},\"image\":{\"@id\":\"https:\/\/donato.com.mx\/#\/schema\/logo\/image\/\"}}]}<\/script>\n<!-- \/ Yoast SEO plugin. -->","yoast_head_json":{"title":"ACCESO GENERAL MENOR FIESTAS DE LA VENDIMIA 27 DE JUNIO+CORTE DE UVA INFANTIL|1:30PM - Donato","robots":{"index":"index","follow":"follow","max-snippet":"max-snippet:-1","max-image-preview":"max-image-preview:large","max-video-preview":"max-video-preview:-1"},"canonical":"https:\/\/donato.com.mx\/producto\/acceso-general-menor-fiestas-de-la-vendimia-27-de-junio-corte-de-uva-infantil-130pm-copia\/","og_locale":"en_US","og_type":"article","og_title":"ACCESO GENERAL MENOR FIESTAS DE LA VENDIMIA 27 DE JUNIO+CORTE DE UVA INFANTIL|1:30PM - Donato","og_description":"La Vendimia Donato 2026 llega como el evento m\u00e1s esperado del a\u00f1o. Una noche de verano en el vi\u00f1edo, donde el vino, la m\u00fasica y una elegante tem\u00e1tica de m\u00e1scaras se fusionan entre luces y misterio. Este 27 de junio, prep\u00e1rate para vivir una celebraci\u00f3n \u00fanica que solo sucede una vez al a\u00f1o.","og_url":"https:\/\/donato.com.mx\/producto\/acceso-general-menor-fiestas-de-la-vendimia-27-de-junio-corte-de-uva-infantil-130pm-copia\/","og_site_name":"Donato","article_modified_time":"2026-01-30T19:16:26+00:00","twitter_card":"summary_large_image","twitter_misc":{"Est. reading time":"1 minute"},"schema":{"@context":"https:\/\/schema.org","@graph":[{"@type":"WebPage","@id":"https:\/\/donato.com.mx\/producto\/acceso-general-menor-fiestas-de-la-vendimia-27-de-junio-corte-de-uva-infantil-130pm-copia\/","url":"https:\/\/donato.com.mx\/producto\/acceso-general-menor-fiestas-de-la-vendimia-27-de-junio-corte-de-uva-infantil-130pm-copia\/","name":"ACCESO GENERAL MENOR FIESTAS DE LA VENDIMIA 27 DE JUNIO+CORTE DE UVA INFANTIL|1:30PM - Donato","isPartOf":{"@id":"https:\/\/donato.com.mx\/#website"},"datePublished":"2026-01-30T16:38:02+00:00","dateModified":"2026-01-30T19:16:26+00:00","breadcrumb":{"@id":"https:\/\/donato.com.mx\/producto\/acceso-general-menor-fiestas-de-la-vendimia-27-de-junio-corte-de-uva-infantil-130pm-copia\/#breadcrumb"},"inLanguage":"en-US","potentialAction":[{"@type":"ReadAction","target":["https:\/\/donato.com.mx\/producto\/acceso-general-menor-fiestas-de-la-vendimia-27-de-junio-corte-de-uva-infantil-130pm-copia\/"]}]},{"@type":"BreadcrumbList","@id":"https:\/\/donato.com.mx\/producto\/acceso-general-menor-fiestas-de-la-vendimia-27-de-junio-corte-de-uva-infantil-130pm-copia\/#breadcrumb","itemListElement":[{"@type":"ListItem","position":1,"name":"Portada","item":"https:\/\/donato.com.mx\/en\/"},{"@type":"ListItem","position":2,"name":"Shop","item":"https:\/\/donato.com.mx\/en\/shop\/"},{"@type":"ListItem","position":3,"name":"ACCESO GENERAL MENOR FIESTAS DE LA VENDIMIA 27 DE JUNIO+CORTE DE UVA INFANTIL|1:30PM"}]},{"@type":"WebSite","@id":"https:\/\/donato.com.mx\/#website","url":"https:\/\/donato.com.mx\/","name":"Donato","description":"","publisher":{"@id":"https:\/\/donato.com.mx\/#organization"},"potentialAction":[{"@type":"SearchAction","target":{"@type":"EntryPoint","urlTemplate":"https:\/\/donato.com.mx\/?s={search_term_string}"},"query-input":{"@type":"PropertyValueSpecification","valueRequired":true,"valueName":"search_term_string"}}],"inLanguage":"en-US"},{"@type":"Organization","@id":"https:\/\/donato.com.mx\/#organization","name":"Donato","url":"https:\/\/donato.com.mx\/","logo":{"@type":"ImageObject","inLanguage":"en-US","@id":"https:\/\/donato.com.mx\/#\/schema\/logo\/image\/","url":"https:\/\/donato.com.mx\/wp-content\/uploads\/2024\/12\/don1.png","contentUrl":"https:\/\/donato.com.mx\/wp-content\/uploads\/2024\/12\/don1.png","width":749,"height":246,"caption":"Donato"},"image":{"@id":"https:\/\/donato.com.mx\/#\/schema\/logo\/image\/"}}]}},"_links":{"self":[{"href":"https:\/\/donato.com.mx\/en\/wp-json\/wp\/v2\/product\/7928","targetHints":{"allow":["GET"]}}],"collection":[{"href":"https:\/\/donato.com.mx\/en\/wp-json\/wp\/v2\/product"}],"about":[{"href":"https:\/\/donato.com.mx\/en\/wp-json\/wp\/v2\/types\/product"}],"replies":[{"embeddable":true,"href":"https:\/\/donato.com.mx\/en\/wp-json\/wp\/v2\/comments?post=7928"}],"wp:attachment":[{"href":"https:\/\/donato.com.mx\/en\/wp-json\/wp\/v2\/media?parent=7928"}],"wp:term":[{"taxonomy":"product_brand","embeddable":true,"href":"https:\/\/donato.com.mx\/en\/wp-json\/wp\/v2\/product_brand?post=7928"},{"taxonomy":"product_cat","embeddable":true,"href":"https:\/\/donato.com.mx\/en\/wp-json\/wp\/v2\/product_cat?post=7928"},{"taxonomy":"product_tag","embeddable":true,"href":"https:\/\/donato.com.mx\/en\/wp-json\/wp\/v2\/product_tag?post=7928"},{"taxonomy":"filtro-eventos","embeddable":true,"href":"https:\/\/donato.com.mx\/en\/wp-json\/wp\/v2\/filtro-eventos?post=7928"},{"taxonomy":"presentacion","embeddable":true,"href":"https:\/\/donato.com.mx\/en\/wp-json\/wp\/v2\/presentacion?post=7928"},{"taxonomy":"estaciones","embeddable":true,"href":"https:\/\/donato.com.mx\/en\/wp-json\/wp\/v2\/estaciones?post=7928"},{"taxonomy":"tipo","embeddable":true,"href":"https:\/\/donato.com.mx\/en\/wp-json\/wp\/v2\/tipo?post=7928"},{"taxonomy":"uva","embeddable":true,"href":"https:\/\/donato.com.mx\/en\/wp-json\/wp\/v2\/uva?post=7928"}],"curies":[{"name":"wp","href":"https:\/\/api.w.org\/{rel}","templated":true}]}}